{"id":2590,"date":"2018-10-10T21:18:06","date_gmt":"2018-10-11T00:18:06","guid":{"rendered":"http:\/\/pareestacionamentos.com.br\/site\/?page_id=2590"},"modified":"2023-01-31T21:51:40","modified_gmt":"2023-02-01T00:51:40","slug":"empresa","status":"publish","type":"page","link":"https:\/\/www.pareestacionamentos.com.br\/site\/empresa\/","title":{"rendered":"Empresa"},"content":{"rendered":"<p>[vc_row css=&#8221;.vc_custom_1530286087653{margin-top: 35px !important;}&#8221;][vc_column][vc_column_text]<\/p>\n<p style=\"text-align: justify;\">Sabemos que conveni\u00eancia, praticidade e seguran\u00e7a \u00e9 o que voc\u00ea mais precisa quando busca um local para estacionar o seu ve\u00edculo. Por isso a <strong>PARE ESTACIONAMENTOS<\/strong> est\u00e1 estrategicamente instalada nos locais mais importantes do estado de S\u00e3o Paulo, sempre com o objetivo de proporcionar mais comodidade para voc\u00ea e sua fam\u00edlia.<\/p>\n<p style=\"text-align: justify;\">Dentro desta realidade, estamos em condi\u00e7\u00f5es de desenvolver uma parceria segura e eficaz, trabalhando dentro dos padr\u00f5es estabelecidos pelas normas ISO, raz\u00e3o pela qual solicitamos o nosso cadastramento no rol de seus fornecedores. Estamos \u00e0 disposi\u00e7\u00e3o de V.Sa. para eventuais esclarecimentos que forem necess\u00e1rios.<\/p>\n<p>[\/vc_column_text][\/vc_column][\/vc_row][vc_row equal_height=&#8221;yes&#8221; content_placement=&#8221;middle&#8221; type=&#8221;vc_default&#8221; margin_top=&#8221;5&#8243; margin_bottom=&#8221;10&#8243; css=&#8221;.vc_custom_1529516549373{padding-top: 70px !important;padding-bottom: 20px !important;}&#8221;][vc_column][vc_row_inner equal_height=&#8221;yes&#8221; content_placement=&#8221;middle&#8221;][vc_column_inner width=&#8221;1\/2&#8243; css=&#8221;.vc_custom_1491746388981{padding-bottom: 50px !important;}&#8221;]<div class=\"shortcode-single-image-wrap alignnone \" style=\"margin-top:0px; margin-bottom:0px; margin-left:0px; margin-right:0px; width:1000px;\"><div class=\"shortcode-single-image\"><div class=\"fancy-media-wrap layzr-bg\" style=\"\"><img class=\"lazy-load preload-me\" src=\"data:image\/svg+xml,%3Csvg%20xmlns%3D&#39;http%3A%2F%2Fwww.w3.org%2F2000%2Fsvg&#39;%20viewBox%3D&#39;0%200%20600%20420&#39;%2F%3E\" data-src=\"https:\/\/www.pareestacionamentos.com.br\/site\/wp-content\/uploads\/2019\/06\/quemsomos2.jpg\" data-srcset=\"https:\/\/www.pareestacionamentos.com.br\/site\/wp-content\/uploads\/2019\/06\/quemsomos2.jpg 600w\" width=\"600\" height=\"420\"  data-dt-location=\"https:\/\/www.pareestacionamentos.com.br\/site\/empresa\/quemsomos2\/\" style=\"\" alt=\"\" \/><\/div><\/div><\/div>[\/vc_column_inner][vc_column_inner width=&#8221;1\/2&#8243; css=&#8221;.vc_custom_1491746397816{padding-bottom: 50px !important;}&#8221;][vc_column_text css=&#8221;.vc_custom_1561141705547{padding-bottom: 20px !important;}&#8221;]<\/p>\n<p style=\"text-align: justify;\">Iniciamos nossa atividades em 2017<\/p>\n<p style=\"text-align: justify;\">Desde o in\u00edcio, valorizamos a excel\u00eancia no atendimento aos nossos clientes, conquistando posi\u00e7\u00e3o de destaque no segmento.<\/p>\n<p style=\"text-align: justify;\">Nosso crescimento deve-se ao desenvolvimento incessante da valoriza\u00e7\u00e3o da marca, controladoria e tecnologia, buscando qualidade e efici\u00eancia no atendimento aos clientes com planejamento, foco\u00a0 gest\u00e3o humana que fazem toda diferen\u00e7a neste ramo.<\/p>\n<p style=\"text-align: justify;\">Somos ma empresa refer\u00eancia na administra\u00e7\u00e3o de estacionamentos de diversos segmentos em grandes centros urbanos. A equipe <strong>PARE ESTACIONAMENTOS<\/strong> estar\u00e1 sempre \u00e0 disposi\u00e7\u00e3o para atend\u00ea-lo e oferecer qualidade e efici\u00eancia nos servi\u00e7os prestados.<\/p>\n<p>[\/vc_column_text]<a href=\"http:\/\/pareestacionamentos.com.br\/site\/contato\/\" class=\"default-btn-shortcode dt-btn dt-btn-m btn-inline-left \" id=\"default-btn-95c7b7758d5c1670933d1ea038d1d732\"><span>CONTATO<\/span><\/a>[\/vc_column_inner][\/vc_row_inner][\/vc_column][\/vc_row][vc_row bg_type=&#8221;grad&#8221; bg_override=&#8221;ex-full&#8221; type=&#8221;vc_default&#8221; margin_top=&#8221;-50&#8243; css=&#8221;.vc_custom_1563497146835{padding-top: 50px !important;padding-bottom: 0px !important;}&#8221; bg_grad=&#8221;background: -webkit-gradient(linear, left top, left bottom, color-stop(10%, #FED004), color-stop(54%, #FCFC05), color-stop(95%, #FED004));background: -moz-linear-gradient(left,#FED004 10%,#FCFC05 54%,#FED004 95%);background: -webkit-linear-gradient(left,#FED004 10%,#FCFC05 54%,#FED004 95%);background: -o-linear-gradient(left,#FED004 10%,#FCFC05 54%,#FED004 95%);background: -ms-linear-gradient(left,#FED004 10%,#FCFC05 54%,#FED004 95%);background: linear-gradient(left,#FED004 10%,#FCFC05 54%,#FED004 95%);&#8221;][vc_column width=&#8221;1\/3&#8243; offset=&#8221;vc_col-lg-4 vc_col-md-4&#8243; css=&#8221;.vc_custom_1476022220212{padding-bottom: 40px !important;}&#8221;]<div class=\"stats-block stats-left   vc_custom_1562188095377\"><div class=\"aio-icon-left\"><div class=\"ult-just-icon-wrapper  \"><div class=\"align-icon\" style=\"text-align:center;\">\n<div class=\"aio-icon advanced \"  style=\"color:#333333;background:rgba(255,255,255,0.15);border-style:;border-color:#333333;border-width:1px;width:70px;height:70px;line-height:70px;border-radius:500px;font-size:36px;display:inline-block;\">\n\t<i class=\"icomoon-fontawesome-16x16-child\"><\/i>\n<\/div><\/div><\/div><\/div><div class=\"stats-desc\" id=\"counter-responsv-wrap-3235\"><div id=\"counter_17500162936a04adb61a46e\" data-id=\"counter_17500162936a04adb61a46e\"  data-ultimate-target='#counter-responsv-wrap-3235 .stats-number'  data-responsive-json-new='{\"font-size\":\"desktop:54px;\",\"line-height\":\"desktop:64px;\"}'  class=\"stats-number ult-responsive\" style=\" color:#333333; font-family:&#039;Open Sans&#039;;font-weight:700;color:#333333;\" data-speed=\"5\" data-counter-value=\"10\" data-separator=\",\" data-decimal=\".\">0<\/div><div class=\"counter_suffix mycust ult-responsive\"  data-ultimate-target='#counter-responsv-wrap-3235 .mycust'  data-responsive-json-new='{\"font-size\":\"desktop:54px;\",\"line-height\":\"desktop:64px;\"}'  style=\" font-family:&#039;Open Sans&#039;;font-weight:700;color:#333333\">+<\/div><div id=\"counter-responsv-wrap-3235\"  data-ultimate-target='#counter-responsv-wrap-3235 .stats-text'  data-responsive-json-new='{\"font-size\":\"desktop:22px;\",\"line-height\":\"desktop:32px;\"}'  class=\"stats-text ult-responsive\" style=\"font-size:px; color:#333333; font-family:&#039;Raleway&#039;;font-weight:700;\">Seguran\u00e7a<\/div><\/div><\/div>[\/vc_column][vc_column width=&#8221;1\/3&#8243; css=&#8221;.vc_custom_1476022224743{padding-bottom: 40px !important;}&#8221;]<div class=\"stats-block stats-left   vc_custom_1562188078203\"><div class=\"aio-icon-left\"><div class=\"ult-just-icon-wrapper  \"><div class=\"align-icon\" style=\"text-align:center;\">\n<div class=\"aio-icon advanced \"  style=\"color:#333333;background:rgba(255,255,255,0.15);border-style:;border-color:#333333;border-width:1px;width:70px;height:70px;line-height:70px;border-radius:500px;font-size:36px;display:inline-block;\">\n\t<i class=\"icomoon-fontawesome-16x16-briefcase\"><\/i>\n<\/div><\/div><\/div><\/div><div class=\"stats-desc\" id=\"counter-responsv-wrap-2025\"><div id=\"counter_11530347036a04adb61a588\" data-id=\"counter_11530347036a04adb61a588\"  data-ultimate-target='#counter-responsv-wrap-2025 .stats-number'  data-responsive-json-new='{\"font-size\":\"desktop:54px;\",\"line-height\":\"desktop:64px;\"}'  class=\"stats-number ult-responsive\" style=\" color:#333333; font-family:&#039;Open Sans&#039;;font-weight:700;color:#333333;\" data-speed=\"5\" data-counter-value=\"10\" data-separator=\",\" data-decimal=\".\">0<\/div><div class=\"counter_suffix mycust ult-responsive\"  data-ultimate-target='#counter-responsv-wrap-2025 .mycust'  data-responsive-json-new='{\"font-size\":\"desktop:54px;\",\"line-height\":\"desktop:64px;\"}'  style=\" font-family:&#039;Open Sans&#039;;font-weight:700;color:#333333\">+<\/div><div id=\"counter-responsv-wrap-2025\"  data-ultimate-target='#counter-responsv-wrap-2025 .stats-text'  data-responsive-json-new='{\"font-size\":\"desktop:22px;\",\"line-height\":\"desktop:32px;\"}'  class=\"stats-text ult-responsive\" style=\"font-size:px; color:#333333; font-family:&#039;Raleway&#039;;font-weight:700;\">Praticidade<\/div><\/div><\/div>[\/vc_column][vc_column width=&#8221;1\/3&#8243; css=&#8221;.vc_custom_1476022230071{padding-bottom: 40px !important;}&#8221;]<div class=\"stats-block stats-left   vc_custom_1562188110113\"><div class=\"aio-icon-left\"><div class=\"ult-just-icon-wrapper  \"><div class=\"align-icon\" style=\"text-align:center;\">\n<div class=\"aio-icon advanced \"  style=\"color:#333333;background:rgba(255,255,255,0.15);border-style:;border-color:#333333;border-width:1px;width:70px;height:70px;line-height:70px;border-radius:500px;font-size:36px;display:inline-block;\">\n\t<i class=\"icomoon-fontawesome-16x16-car\"><\/i>\n<\/div><\/div><\/div><\/div><div class=\"stats-desc\" id=\"counter-responsv-wrap-9763\"><div id=\"counter_13751223006a04adb61a658\" data-id=\"counter_13751223006a04adb61a658\"  data-ultimate-target='#counter-responsv-wrap-9763 .stats-number'  data-responsive-json-new='{\"font-size\":\"desktop:54px;\",\"line-height\":\"desktop:64px;\"}'  class=\"stats-number ult-responsive\" style=\" color:#333333; font-family:&#039;Open Sans&#039;;font-weight:700;color:#333333;\" data-speed=\"5\" data-counter-value=\"10\" data-separator=\",\" data-decimal=\".\">0<\/div><div class=\"counter_suffix mycust ult-responsive\"  data-ultimate-target='#counter-responsv-wrap-9763 .mycust'  data-responsive-json-new='{\"font-size\":\"desktop:54px;\",\"line-height\":\"desktop:64px;\"}'  style=\" font-family:&#039;Open Sans&#039;;font-weight:700;color:#333333\">+<\/div><div id=\"counter-responsv-wrap-9763\"  data-ultimate-target='#counter-responsv-wrap-9763 .stats-text'  data-responsive-json-new='{\"font-size\":\"desktop:22px;\",\"line-height\":\"desktop:32px;\"}'  class=\"stats-text ult-responsive\" style=\"font-size:px; color:#333333; font-family:&#039;Raleway&#039;;font-weight:700;\">Seguran\u00e7a<\/div><\/div><\/div>[\/vc_column][\/vc_row][vc_row equal_height=&#8221;yes&#8221; content_placement=&#8221;middle&#8221; bg_type=&#8221;bg_color&#8221; bg_override=&#8221;ex-full&#8221; type=&#8221;vc_default&#8221; margin_top=&#8221;5&#8243; margin_bottom=&#8221;10&#8243; css=&#8221;.vc_custom_1529516558512{padding-top: 70px !important;padding-bottom: 20px !important;}&#8221; bg_color_value=&#8221;rgba(170,170,170,0.1)&#8221;][vc_column][vc_row_inner equal_height=&#8221;yes&#8221; content_placement=&#8221;middle&#8221;][vc_column_inner width=&#8221;1\/2&#8243; css=&#8221;.vc_custom_1491746397816{padding-bottom: 50px !important;}&#8221;]<div id=\"ultimate-heading-14176a04adb61a6b2\" class=\"uvc-heading ult-adjust-bottom-margin ultimate-heading-14176a04adb61a6b2 uvc-7654 \" data-hspacer=\"line_only\"  data-halign=\"left\" style=\"text-align:left\"><div class=\"uvc-main-heading ult-responsive\"  data-ultimate-target='.uvc-heading.ultimate-heading-14176a04adb61a6b2 h2'  data-responsive-json-new='{\"font-size\":\"desktop:30px;\",\"line-height\":\"desktop:40px;\"}' ><h2 style=\"font-weight:bold;margin-bottom:5px;\">Miss\u00e3o, Vis\u00e3o<\/h2><\/div><div class=\"uvc-heading-spacer line_only\" style=\"margin-bottom:40px;height:3px;\"><span class=\"uvc-headings-line\" style=\"border-style:solid;border-bottom-width:3px;border-color:#fed004;width:80px;\"><\/span><\/div><\/div>[vc_column_text]<\/p>\n<p style=\"text-align: justify;\"><strong>MISS\u00c3O<\/strong><br \/>\nA miss\u00e3o da <strong>PARE ESTACIONAMENTOS<\/strong> \u00e9 ser conveniente. Ser conveniente para os nossos clientes, parceiros, funcion\u00e1rios e comunidade. Ser conveniente \u00e9 ser adequado, \u00fatil, c\u00f4modo, prop\u00edcio, rent\u00e1vel e vantajoso.<\/p>\n<p style=\"text-align: justify;\"><strong>VIS\u00c3O<\/strong><br \/>\nNossa filosofia de trabalho se resume no compromisso de respeito m\u00e1ximo aos interesses das pessoas com as quais nos relacionamos, sejam clientes, fornecedores ou colaboradores, estimulando o desenvolvimento pessoal e profissional destes e contribuindo para a dissemina\u00e7\u00e3o do conceito <em>\u201cbem-estar para bem atender\u201d.<\/em><\/p>\n<p>[\/vc_column_text][\/vc_column_inner][vc_column_inner width=&#8221;1\/2&#8243; css=&#8221;.vc_custom_1491746388981{padding-bottom: 50px !important;}&#8221;]<div class=\"shortcode-single-image-wrap alignnone \" style=\"margin-top:0px; margin-bottom:0px; margin-left:0px; margin-right:0px; width:1000px;\"><div class=\"shortcode-single-image\"><div class=\"fancy-media-wrap layzr-bg\" style=\"\"><img class=\"lazy-load preload-me\" src=\"data:image\/svg+xml,%3Csvg%20xmlns%3D&#39;http%3A%2F%2Fwww.w3.org%2F2000%2Fsvg&#39;%20viewBox%3D&#39;0%200%20595%20417&#39;%2F%3E\" data-src=\"https:\/\/www.pareestacionamentos.com.br\/site\/wp-content\/uploads\/2019\/06\/bannerquemsomos01-595x417.png\" data-srcset=\"https:\/\/www.pareestacionamentos.com.br\/site\/wp-content\/uploads\/2019\/06\/bannerquemsomos01-595x417.png 595w\" width=\"595\" height=\"417\"  data-dt-location=\"https:\/\/www.pareestacionamentos.com.br\/site\/empresa\/bannerquemsomos01\/\" style=\"\" alt=\"\" \/><\/div><\/div><\/div>[\/vc_column_inner][\/vc_row_inner][\/vc_column][\/vc_row][vc_row bg_type=&#8221;image&#8221; parallax_style=&#8221;vcpb-vz-jquery&#8221; bg_image_new=&#8221;id^2788|url^http:\/\/pareestacionamentos.com.br\/site\/wp-content\/uploads\/2019\/06\/procurando_vagas.jpg|caption^null|alt^null|title^procurando_vagas|description^null&#8221; parallax_sense=&#8221;40&#8243; bg_override=&#8221;ex-full&#8221; enable_overlay=&#8221;enable_overlay_value&#8221; overlay_color=&#8221;rgba(0,0,0,0.6)&#8221; type=&#8221;vc_default&#8221; css=&#8221;.vc_custom_1561144427013{padding-top: 100px !important;padding-bottom: 105px !important;}&#8221;][vc_column width=&#8221;5\/6&#8243; offset=&#8221;vc_col-lg-offset-2 vc_col-lg-8 vc_col-md-offset-1 vc_col-md-10 vc_col-sm-offset-1&#8243;]<div id=\"ultimate-heading-43406a04adb61b1ab\" class=\"uvc-heading ult-adjust-bottom-margin ultimate-heading-43406a04adb61b1ab uvc-1960 accent-border-color\" data-hspacer=\"line_only\"  data-halign=\"center\" style=\"text-align:center\"><div class=\"uvc-main-heading ult-responsive\"  data-ultimate-target='.uvc-heading.ultimate-heading-43406a04adb61b1ab h2'  data-responsive-json-new='{\"font-size\":\"desktop:44px;tablet_portrait:30px;\",\"line-height\":\"desktop:54px;tablet_portrait:40px;\"}' ><h2 style=\"font-weight:bold;color:#ffffff;margin-bottom:5px;\"> Procurando Vagas?<\/h2><\/div><div class=\"uvc-heading-spacer line_only\" style=\"margin-bottom:40px;height:3px;\"><span class=\"uvc-headings-line\" style=\"border-style:solid;border-bottom-width:3px;border-color:;width:80px;\"><\/span><\/div><div class=\"uvc-sub-heading ult-responsive\"  data-ultimate-target='.uvc-heading.ultimate-heading-43406a04adb61b1ab .uvc-sub-heading '  data-responsive-json-new='{\"font-size\":\"desktop:22px;tablet_portrait:16px;\",\"line-height\":\"desktop:32px;tablet_portrait:26px;\"}'  style=\"font-style:italic;font-weight:normal;color:#ffffff;\">Trabalhamos com di\u00e1rias, avulsos, mensalistas com o<br \/>\nmelhor pre\u00e7os da regi\u00e3o!<\/div><\/div><div class=\"btn-align-center\"><a href=\"http:\/\/pareestacionamentos.com.br\/site\/contato\/\" class=\"default-btn-shortcode dt-btn dt-btn-l  vc_custom_1530285535051\" id=\"default-btn-bd7838975f288f8ada97fb20d162eb7f\" style=\"width:200px;\"><span>CONTATO<\/span><\/a><\/div>[\/vc_column][\/vc_row]<\/p>\n","protected":false},"excerpt":{"rendered":"<p>[vc_row css=&#8221;.vc_custom_1530286087653{margin-top: 35px !important;}&#8221;][vc_column][vc_column_text] Sabemos que conveni\u00eancia, praticidade e seguran\u00e7a \u00e9 o que voc\u00ea mais precisa quando busca um local para estacionar o seu ve\u00edculo. Por isso a PARE ESTACIONAMENTOS est\u00e1 estrategicamente instalada nos locais mais importantes do estado de S\u00e3o Paulo, sempre com o objetivo de proporcionar mais comodidade para voc\u00ea e sua fam\u00edlia.&hellip;<\/p>\n","protected":false},"author":2,"featured_media":0,"parent":0,"menu_order":5,"comment_status":"closed","ping_status":"closed","template":"","meta":[],"yoast_head":"<!-- This site is optimized with the Yoast SEO plugin v20.0 - https:\/\/yoast.com\/wordpress\/plugins\/seo\/ -->\n<title>Pare Estacionamentos - Melhor Op\u00e7\u00e3o para seu Ve\u00edculo<\/title>\n<meta name=\"description\" content=\"Sabemos que conveni\u00eancia, praticidade e seguran\u00e7a \u00e9 o que voc\u00ea mais precisa quando busca um local para estacionar o seu ve\u00edculo. Por isso a PARE ESTACIONAMENTOS est\u00e1 estrategicamente instalada nos locais mais importantes do estado de S\u00e3o Paulo, sempre com o objetivo de proporcionar mais comodidade para voc\u00ea e sua fam\u00edlia.\" \/>\n<meta name=\"robots\" content=\"index, follow, max-snippet:-1, max-image-preview:large, max-video-preview:-1\" \/>\n<link rel=\"canonical\" href=\"https:\/\/www.pareestacionamentos.com.br\/site\/empresa\/\" \/>\n<meta property=\"og:locale\" content=\"pt_BR\" \/>\n<meta property=\"og:type\" content=\"article\" \/>\n<meta property=\"og:title\" content=\"Pare Estacionamentos - Melhor Op\u00e7\u00e3o para seu Ve\u00edculo\" \/>\n<meta property=\"og:description\" content=\"Sabemos que conveni\u00eancia, praticidade e seguran\u00e7a \u00e9 o que voc\u00ea mais precisa quando busca um local para estacionar o seu ve\u00edculo. Por isso a PARE ESTACIONAMENTOS est\u00e1 estrategicamente instalada nos locais mais importantes do estado de S\u00e3o Paulo, sempre com o objetivo de proporcionar mais comodidade para voc\u00ea e sua fam\u00edlia.\" \/>\n<meta property=\"og:url\" content=\"https:\/\/www.pareestacionamentos.com.br\/site\/empresa\/\" \/>\n<meta property=\"og:site_name\" content=\"PARE ESTACIONAMENTOS\" \/>\n<meta property=\"article:publisher\" content=\"https:\/\/www.facebook.com\/Bertisoldas\/\" \/>\n<meta property=\"article:modified_time\" content=\"2023-02-01T00:51:40+00:00\" \/>\n<meta name=\"twitter:card\" content=\"summary_large_image\" \/>\n<meta name=\"twitter:label1\" content=\"Est. tempo de leitura\" \/>\n\t<meta name=\"twitter:data1\" content=\"4 minutos\" \/>\n<script type=\"application\/ld+json\" class=\"yoast-schema-graph\">{\"@context\":\"https:\/\/schema.org\",\"@graph\":[{\"@type\":\"WebPage\",\"@id\":\"https:\/\/www.pareestacionamentos.com.br\/site\/empresa\/\",\"url\":\"https:\/\/www.pareestacionamentos.com.br\/site\/empresa\/\",\"name\":\"Pare Estacionamentos - Melhor Op\u00e7\u00e3o para seu Ve\u00edculo\",\"isPartOf\":{\"@id\":\"https:\/\/www.pareestacionamentos.com.br\/site\/#website\"},\"datePublished\":\"2018-10-11T00:18:06+00:00\",\"dateModified\":\"2023-02-01T00:51:40+00:00\",\"description\":\"Sabemos que conveni\u00eancia, praticidade e seguran\u00e7a \u00e9 o que voc\u00ea mais precisa quando busca um local para estacionar o seu ve\u00edculo. Por isso a PARE ESTACIONAMENTOS est\u00e1 estrategicamente instalada nos locais mais importantes do estado de S\u00e3o Paulo, sempre com o objetivo de proporcionar mais comodidade para voc\u00ea e sua fam\u00edlia.\",\"breadcrumb\":{\"@id\":\"https:\/\/www.pareestacionamentos.com.br\/site\/empresa\/#breadcrumb\"},\"inLanguage\":\"pt-BR\",\"potentialAction\":[{\"@type\":\"ReadAction\",\"target\":[\"https:\/\/www.pareestacionamentos.com.br\/site\/empresa\/\"]}]},{\"@type\":\"BreadcrumbList\",\"@id\":\"https:\/\/www.pareestacionamentos.com.br\/site\/empresa\/#breadcrumb\",\"itemListElement\":[{\"@type\":\"ListItem\",\"position\":1,\"name\":\"Home\",\"item\":\"https:\/\/www.pareestacionamentos.com.br\/site\/\"},{\"@type\":\"ListItem\",\"position\":2,\"name\":\"Empresa\"}]},{\"@type\":\"WebSite\",\"@id\":\"https:\/\/www.pareestacionamentos.com.br\/site\/#website\",\"url\":\"https:\/\/www.pareestacionamentos.com.br\/site\/\",\"name\":\"BERTISOLDAS - Oxig\u00eanio o g\u00e1s da vida\",\"description\":\"SEU CARRO EM BOAS M\u00c3OS\",\"potentialAction\":[{\"@type\":\"SearchAction\",\"target\":{\"@type\":\"EntryPoint\",\"urlTemplate\":\"https:\/\/www.pareestacionamentos.com.br\/site\/?s={search_term_string}\"},\"query-input\":\"required name=search_term_string\"}],\"inLanguage\":\"pt-BR\"}]}<\/script>\n<!-- \/ Yoast SEO plugin. -->","yoast_head_json":{"title":"Pare Estacionamentos - Melhor Op\u00e7\u00e3o para seu Ve\u00edculo","description":"Sabemos que conveni\u00eancia, praticidade e seguran\u00e7a \u00e9 o que voc\u00ea mais precisa quando busca um local para estacionar o seu ve\u00edculo. Por isso a PARE ESTACIONAMENTOS est\u00e1 estrategicamente instalada nos locais mais importantes do estado de S\u00e3o Paulo, sempre com o objetivo de proporcionar mais comodidade para voc\u00ea e sua fam\u00edlia.","robots":{"index":"index","follow":"follow","max-snippet":"max-snippet:-1","max-image-preview":"max-image-preview:large","max-video-preview":"max-video-preview:-1"},"canonical":"https:\/\/www.pareestacionamentos.com.br\/site\/empresa\/","og_locale":"pt_BR","og_type":"article","og_title":"Pare Estacionamentos - Melhor Op\u00e7\u00e3o para seu Ve\u00edculo","og_description":"Sabemos que conveni\u00eancia, praticidade e seguran\u00e7a \u00e9 o que voc\u00ea mais precisa quando busca um local para estacionar o seu ve\u00edculo. Por isso a PARE ESTACIONAMENTOS est\u00e1 estrategicamente instalada nos locais mais importantes do estado de S\u00e3o Paulo, sempre com o objetivo de proporcionar mais comodidade para voc\u00ea e sua fam\u00edlia.","og_url":"https:\/\/www.pareestacionamentos.com.br\/site\/empresa\/","og_site_name":"PARE ESTACIONAMENTOS","article_publisher":"https:\/\/www.facebook.com\/Bertisoldas\/","article_modified_time":"2023-02-01T00:51:40+00:00","twitter_card":"summary_large_image","twitter_misc":{"Est. tempo de leitura":"4 minutos"},"schema":{"@context":"https:\/\/schema.org","@graph":[{"@type":"WebPage","@id":"https:\/\/www.pareestacionamentos.com.br\/site\/empresa\/","url":"https:\/\/www.pareestacionamentos.com.br\/site\/empresa\/","name":"Pare Estacionamentos - Melhor Op\u00e7\u00e3o para seu Ve\u00edculo","isPartOf":{"@id":"https:\/\/www.pareestacionamentos.com.br\/site\/#website"},"datePublished":"2018-10-11T00:18:06+00:00","dateModified":"2023-02-01T00:51:40+00:00","description":"Sabemos que conveni\u00eancia, praticidade e seguran\u00e7a \u00e9 o que voc\u00ea mais precisa quando busca um local para estacionar o seu ve\u00edculo. Por isso a PARE ESTACIONAMENTOS est\u00e1 estrategicamente instalada nos locais mais importantes do estado de S\u00e3o Paulo, sempre com o objetivo de proporcionar mais comodidade para voc\u00ea e sua fam\u00edlia.","breadcrumb":{"@id":"https:\/\/www.pareestacionamentos.com.br\/site\/empresa\/#breadcrumb"},"inLanguage":"pt-BR","potentialAction":[{"@type":"ReadAction","target":["https:\/\/www.pareestacionamentos.com.br\/site\/empresa\/"]}]},{"@type":"BreadcrumbList","@id":"https:\/\/www.pareestacionamentos.com.br\/site\/empresa\/#breadcrumb","itemListElement":[{"@type":"ListItem","position":1,"name":"Home","item":"https:\/\/www.pareestacionamentos.com.br\/site\/"},{"@type":"ListItem","position":2,"name":"Empresa"}]},{"@type":"WebSite","@id":"https:\/\/www.pareestacionamentos.com.br\/site\/#website","url":"https:\/\/www.pareestacionamentos.com.br\/site\/","name":"BERTISOLDAS - Oxig\u00eanio o g\u00e1s da vida","description":"SEU CARRO EM BOAS M\u00c3OS","potentialAction":[{"@type":"SearchAction","target":{"@type":"EntryPoint","urlTemplate":"https:\/\/www.pareestacionamentos.com.br\/site\/?s={search_term_string}"},"query-input":"required name=search_term_string"}],"inLanguage":"pt-BR"}]}},"_links":{"self":[{"href":"https:\/\/www.pareestacionamentos.com.br\/site\/wp-json\/wp\/v2\/pages\/2590"}],"collection":[{"href":"https:\/\/www.pareestacionamentos.com.br\/site\/wp-json\/wp\/v2\/pages"}],"about":[{"href":"https:\/\/www.pareestacionamentos.com.br\/site\/wp-json\/wp\/v2\/types\/page"}],"author":[{"embeddable":true,"href":"https:\/\/www.pareestacionamentos.com.br\/site\/wp-json\/wp\/v2\/users\/2"}],"replies":[{"embeddable":true,"href":"https:\/\/www.pareestacionamentos.com.br\/site\/wp-json\/wp\/v2\/comments?post=2590"}],"version-history":[{"count":29,"href":"https:\/\/www.pareestacionamentos.com.br\/site\/wp-json\/wp\/v2\/pages\/2590\/revisions"}],"predecessor-version":[{"id":2933,"href":"https:\/\/www.pareestacionamentos.com.br\/site\/wp-json\/wp\/v2\/pages\/2590\/revisions\/2933"}],"wp:attachment":[{"href":"https:\/\/www.pareestacionamentos.com.br\/site\/wp-json\/wp\/v2\/media?parent=2590"}],"curies":[{"name":"wp","href":"https:\/\/api.w.org\/{rel}","templated":true}]}}