{"id":2845,"date":"2019-06-21T23:14:23","date_gmt":"2019-06-22T02:14:23","guid":{"rendered":"http:\/\/pareestacionamentos.com.br\/site\/?page_id=2845"},"modified":"2023-01-31T21:49:40","modified_gmt":"2023-02-01T00:49:40","slug":"cliente_tem_vantagem","status":"publish","type":"page","link":"https:\/\/www.pareestacionamentos.com.br\/site\/cliente_tem_vantagem\/","title":{"rendered":"Cliente Tem Vantagem"},"content":{"rendered":"<p>[vc_row css=&#8221;.vc_custom_1530286087653{margin-top: 35px !important;}&#8221;][vc_column][vc_empty_space][vc_column_text]Voc\u00ea sabia que\u00a0<strong>deixar o seu carro em um estacionamento<\/strong>\u00a0confi\u00e1vel durante a sua viagem \u00e9 melhor do que voc\u00ea imagina?<\/p>\n<p>Pois \u00e9, al\u00e9m de poder ir no\u00a0<strong>conforto do seu carro<\/strong>, sair a hora que voc\u00ea quiser e n\u00e3o depender de ningu\u00e9m para te buscar, deixando<strong>\u00a0o seu carro em um local seguro,<\/strong> voc\u00ea garante muito mais vantagens, se for na <strong>PARE ESTACIONAMENTOS<\/strong>\u00a0ent\u00e3o, s\u00e3o mais vantagens ainda.<\/p>\n<p>N\u00f3s oferecemos o\u00a0<strong>sistema self parking<\/strong>, que permite que voc\u00ea estacione na sua vaga e\u00a0<strong>leve sua chave com voc\u00ea<\/strong>. Tamb\u00e9m garantimos a seguran\u00e7a do seu ve\u00edculo com um\u00a0<strong>sistema amplo e funcional de seguran\u00e7a 24 horas<\/strong>\u00a0e\u00a0<strong>c\u00e2meras de monitoramento infravermelhas<\/strong>.<\/p>\n<p>Somos o\u00a0<strong>estacionamento mais pr\u00f3ximo a esta\u00e7\u00e3o de trem e hospitais. <\/strong>Pesquise sobre n\u00f3s e voc\u00ea descobrir\u00e1 que somos\u00a0<strong>refer\u00eancia em qualidade e presta\u00e7\u00e3o de servi\u00e7os<\/strong>. N\u00e3o \u00e9 atoa que estamos entre os\u00a0<strong>estacionamentos mais procurados do local<\/strong>. Quem confia n\u00e3o se arrepende![\/vc_column_text][vc_empty_space][vc_empty_space][\/vc_column][\/vc_row][vc_row bg_type=&#8221;image&#8221; parallax_style=&#8221;vcpb-vz-jquery&#8221; bg_image_new=&#8221;id^2788|url^http:\/\/pareestacionamentos.com.br\/site\/wp-content\/uploads\/2019\/06\/procurando_vagas.jpg|caption^null|alt^null|title^procurando_vagas|description^null&#8221; parallax_sense=&#8221;40&#8243; bg_override=&#8221;ex-full&#8221; enable_overlay=&#8221;enable_overlay_value&#8221; overlay_color=&#8221;rgba(0,0,0,0.6)&#8221; type=&#8221;vc_default&#8221; css=&#8221;.vc_custom_1561146673449{padding-top: 100px !important;padding-bottom: 105px !important;}&#8221;][vc_column width=&#8221;5\/6&#8243; offset=&#8221;vc_col-lg-offset-2 vc_col-lg-8 vc_col-md-offset-1 vc_col-md-10 vc_col-sm-offset-1&#8243;]<div id=\"ultimate-heading-18716a04ad84eaf05\" class=\"uvc-heading ult-adjust-bottom-margin ultimate-heading-18716a04ad84eaf05 uvc-2360 \" data-hspacer=\"line_only\"  data-halign=\"center\" style=\"text-align:center\"><div class=\"uvc-main-heading ult-responsive\"  data-ultimate-target='.uvc-heading.ultimate-heading-18716a04ad84eaf05 h2'  data-responsive-json-new='{\"font-size\":\"desktop:22px;\",\"line-height\":\"desktop:32px;\"}' ><h2 style=\"font-weight:bold;color:#ffffff;margin-bottom:5px;\">Ficou com alguma d\u00favida?<\/h2><\/div><div class=\"uvc-heading-spacer line_only\" style=\"margin-bottom:40px;height:3px;\"><span class=\"uvc-headings-line\" style=\"border-style:solid;border-bottom-width:3px;border-color:#fed004;width:80px;\"><\/span><\/div><div class=\"uvc-sub-heading ult-responsive\"  data-ultimate-target='.uvc-heading.ultimate-heading-18716a04ad84eaf05 .uvc-sub-heading '  data-responsive-json-new='{\"font-size\":\"desktop:44px;tablet_portrait:30px;mobile_landscape:22px;\",\"line-height\":\"desktop:54px;tablet_portrait:40px;mobile_landscape:32px;\"}'  style=\"font-family:&#039;Raleway&#039;;font-weight:bold;color:#ffffff;\">Fa\u00e7a sua solicita\u00e7\u00e3o agora!<\/div><\/div><div class=\"btn-align-center\"><a href=\"http:\/\/pareestacionamentos.com.br\/site\/contato\/\" class=\"default-btn-shortcode dt-btn dt-btn-l  vc_custom_1541436731219\" id=\"default-btn-60816eb7751df31c12bde84771e8685f\" style=\"width:200px;\"><span>CONTATE-NOS<\/span><\/a><\/div>[\/vc_column][\/vc_row]<\/p>\n","protected":false},"excerpt":{"rendered":"<p>[vc_row css=&#8221;.vc_custom_1530286087653{margin-top: 35px !important;}&#8221;][vc_column][vc_empty_space][vc_column_text]Voc\u00ea sabia que\u00a0deixar o seu carro em um estacionamento\u00a0confi\u00e1vel durante a sua viagem \u00e9 melhor do que voc\u00ea imagina? Pois \u00e9, al\u00e9m de poder ir no\u00a0conforto do seu carro, sair a hora que voc\u00ea quiser e n\u00e3o depender de ningu\u00e9m para te buscar, deixando\u00a0o seu carro em um local seguro, voc\u00ea garante&hellip;<\/p>\n","protected":false},"author":10,"featured_media":0,"parent":0,"menu_order":5,"comment_status":"closed","ping_status":"closed","template":"","meta":[],"yoast_head":"<!-- This site is optimized with the Yoast SEO plugin v20.0 - https:\/\/yoast.com\/wordpress\/plugins\/seo\/ -->\n<title>Vantagens Pare Estacionamentos - Estacione com Seguran\u00e7a!<\/title>\n<meta name=\"description\" content=\"N\u00f3s oferecemos o\u00a0sistema self parking, que permite que voc\u00ea estacione na sua vaga e\u00a0leve sua chave com voc\u00ea. Tamb\u00e9m garantimos a seguran\u00e7a do seu ve\u00edculo com um\u00a0sistema amplo e funcional de seguran\u00e7a 24 horas\u00a0e\u00a0c\u00e2meras de monitoramento infravermelhas.\" \/>\n<meta name=\"robots\" content=\"index, follow, max-snippet:-1, max-image-preview:large, max-video-preview:-1\" \/>\n<link rel=\"canonical\" href=\"https:\/\/www.pareestacionamentos.com.br\/site\/cliente_tem_vantagem\/\" \/>\n<meta property=\"og:locale\" content=\"pt_BR\" \/>\n<meta property=\"og:type\" content=\"article\" \/>\n<meta property=\"og:title\" content=\"Vantagens Pare Estacionamentos - Estacione com Seguran\u00e7a!\" \/>\n<meta property=\"og:description\" content=\"N\u00f3s oferecemos o\u00a0sistema self parking, que permite que voc\u00ea estacione na sua vaga e\u00a0leve sua chave com voc\u00ea. Tamb\u00e9m garantimos a seguran\u00e7a do seu ve\u00edculo com um\u00a0sistema amplo e funcional de seguran\u00e7a 24 horas\u00a0e\u00a0c\u00e2meras de monitoramento infravermelhas.\" \/>\n<meta property=\"og:url\" content=\"https:\/\/www.pareestacionamentos.com.br\/site\/cliente_tem_vantagem\/\" \/>\n<meta property=\"og:site_name\" content=\"PARE ESTACIONAMENTOS\" \/>\n<meta property=\"article:publisher\" content=\"https:\/\/www.facebook.com\/Bertisoldas\/\" \/>\n<meta property=\"article:modified_time\" content=\"2023-02-01T00:49:40+00:00\" \/>\n<meta name=\"twitter:card\" content=\"summary_large_image\" \/>\n<meta name=\"twitter:label1\" content=\"Est. tempo de leitura\" \/>\n\t<meta name=\"twitter:data1\" content=\"2 minutos\" \/>\n<script type=\"application\/ld+json\" class=\"yoast-schema-graph\">{\"@context\":\"https:\/\/schema.org\",\"@graph\":[{\"@type\":\"WebPage\",\"@id\":\"https:\/\/www.pareestacionamentos.com.br\/site\/cliente_tem_vantagem\/\",\"url\":\"https:\/\/www.pareestacionamentos.com.br\/site\/cliente_tem_vantagem\/\",\"name\":\"Vantagens Pare Estacionamentos - Estacione com Seguran\u00e7a!\",\"isPartOf\":{\"@id\":\"https:\/\/www.pareestacionamentos.com.br\/site\/#website\"},\"datePublished\":\"2019-06-22T02:14:23+00:00\",\"dateModified\":\"2023-02-01T00:49:40+00:00\",\"description\":\"N\u00f3s oferecemos o\u00a0sistema self parking, que permite que voc\u00ea estacione na sua vaga e\u00a0leve sua chave com voc\u00ea. Tamb\u00e9m garantimos a seguran\u00e7a do seu ve\u00edculo com um\u00a0sistema amplo e funcional de seguran\u00e7a 24 horas\u00a0e\u00a0c\u00e2meras de monitoramento infravermelhas.\",\"breadcrumb\":{\"@id\":\"https:\/\/www.pareestacionamentos.com.br\/site\/cliente_tem_vantagem\/#breadcrumb\"},\"inLanguage\":\"pt-BR\",\"potentialAction\":[{\"@type\":\"ReadAction\",\"target\":[\"https:\/\/www.pareestacionamentos.com.br\/site\/cliente_tem_vantagem\/\"]}]},{\"@type\":\"BreadcrumbList\",\"@id\":\"https:\/\/www.pareestacionamentos.com.br\/site\/cliente_tem_vantagem\/#breadcrumb\",\"itemListElement\":[{\"@type\":\"ListItem\",\"position\":1,\"name\":\"Home\",\"item\":\"https:\/\/www.pareestacionamentos.com.br\/site\/\"},{\"@type\":\"ListItem\",\"position\":2,\"name\":\"Cliente Tem Vantagem\"}]},{\"@type\":\"WebSite\",\"@id\":\"https:\/\/www.pareestacionamentos.com.br\/site\/#website\",\"url\":\"https:\/\/www.pareestacionamentos.com.br\/site\/\",\"name\":\"BERTISOLDAS - Oxig\u00eanio o g\u00e1s da vida\",\"description\":\"SEU CARRO EM BOAS M\u00c3OS\",\"potentialAction\":[{\"@type\":\"SearchAction\",\"target\":{\"@type\":\"EntryPoint\",\"urlTemplate\":\"https:\/\/www.pareestacionamentos.com.br\/site\/?s={search_term_string}\"},\"query-input\":\"required name=search_term_string\"}],\"inLanguage\":\"pt-BR\"}]}<\/script>\n<!-- \/ Yoast SEO plugin. -->","yoast_head_json":{"title":"Vantagens Pare Estacionamentos - Estacione com Seguran\u00e7a!","description":"N\u00f3s oferecemos o\u00a0sistema self parking, que permite que voc\u00ea estacione na sua vaga e\u00a0leve sua chave com voc\u00ea. Tamb\u00e9m garantimos a seguran\u00e7a do seu ve\u00edculo com um\u00a0sistema amplo e funcional de seguran\u00e7a 24 horas\u00a0e\u00a0c\u00e2meras de monitoramento infravermelhas.","robots":{"index":"index","follow":"follow","max-snippet":"max-snippet:-1","max-image-preview":"max-image-preview:large","max-video-preview":"max-video-preview:-1"},"canonical":"https:\/\/www.pareestacionamentos.com.br\/site\/cliente_tem_vantagem\/","og_locale":"pt_BR","og_type":"article","og_title":"Vantagens Pare Estacionamentos - Estacione com Seguran\u00e7a!","og_description":"N\u00f3s oferecemos o\u00a0sistema self parking, que permite que voc\u00ea estacione na sua vaga e\u00a0leve sua chave com voc\u00ea. Tamb\u00e9m garantimos a seguran\u00e7a do seu ve\u00edculo com um\u00a0sistema amplo e funcional de seguran\u00e7a 24 horas\u00a0e\u00a0c\u00e2meras de monitoramento infravermelhas.","og_url":"https:\/\/www.pareestacionamentos.com.br\/site\/cliente_tem_vantagem\/","og_site_name":"PARE ESTACIONAMENTOS","article_publisher":"https:\/\/www.facebook.com\/Bertisoldas\/","article_modified_time":"2023-02-01T00:49:40+00:00","twitter_card":"summary_large_image","twitter_misc":{"Est. tempo de leitura":"2 minutos"},"schema":{"@context":"https:\/\/schema.org","@graph":[{"@type":"WebPage","@id":"https:\/\/www.pareestacionamentos.com.br\/site\/cliente_tem_vantagem\/","url":"https:\/\/www.pareestacionamentos.com.br\/site\/cliente_tem_vantagem\/","name":"Vantagens Pare Estacionamentos - Estacione com Seguran\u00e7a!","isPartOf":{"@id":"https:\/\/www.pareestacionamentos.com.br\/site\/#website"},"datePublished":"2019-06-22T02:14:23+00:00","dateModified":"2023-02-01T00:49:40+00:00","description":"N\u00f3s oferecemos o\u00a0sistema self parking, que permite que voc\u00ea estacione na sua vaga e\u00a0leve sua chave com voc\u00ea. Tamb\u00e9m garantimos a seguran\u00e7a do seu ve\u00edculo com um\u00a0sistema amplo e funcional de seguran\u00e7a 24 horas\u00a0e\u00a0c\u00e2meras de monitoramento infravermelhas.","breadcrumb":{"@id":"https:\/\/www.pareestacionamentos.com.br\/site\/cliente_tem_vantagem\/#breadcrumb"},"inLanguage":"pt-BR","potentialAction":[{"@type":"ReadAction","target":["https:\/\/www.pareestacionamentos.com.br\/site\/cliente_tem_vantagem\/"]}]},{"@type":"BreadcrumbList","@id":"https:\/\/www.pareestacionamentos.com.br\/site\/cliente_tem_vantagem\/#breadcrumb","itemListElement":[{"@type":"ListItem","position":1,"name":"Home","item":"https:\/\/www.pareestacionamentos.com.br\/site\/"},{"@type":"ListItem","position":2,"name":"Cliente Tem Vantagem"}]},{"@type":"WebSite","@id":"https:\/\/www.pareestacionamentos.com.br\/site\/#website","url":"https:\/\/www.pareestacionamentos.com.br\/site\/","name":"BERTISOLDAS - Oxig\u00eanio o g\u00e1s da vida","description":"SEU CARRO EM BOAS M\u00c3OS","potentialAction":[{"@type":"SearchAction","target":{"@type":"EntryPoint","urlTemplate":"https:\/\/www.pareestacionamentos.com.br\/site\/?s={search_term_string}"},"query-input":"required name=search_term_string"}],"inLanguage":"pt-BR"}]}},"_links":{"self":[{"href":"https:\/\/www.pareestacionamentos.com.br\/site\/wp-json\/wp\/v2\/pages\/2845"}],"collection":[{"href":"https:\/\/www.pareestacionamentos.com.br\/site\/wp-json\/wp\/v2\/pages"}],"about":[{"href":"https:\/\/www.pareestacionamentos.com.br\/site\/wp-json\/wp\/v2\/types\/page"}],"author":[{"embeddable":true,"href":"https:\/\/www.pareestacionamentos.com.br\/site\/wp-json\/wp\/v2\/users\/10"}],"replies":[{"embeddable":true,"href":"https:\/\/www.pareestacionamentos.com.br\/site\/wp-json\/wp\/v2\/comments?post=2845"}],"version-history":[{"count":6,"href":"https:\/\/www.pareestacionamentos.com.br\/site\/wp-json\/wp\/v2\/pages\/2845\/revisions"}],"predecessor-version":[{"id":2990,"href":"https:\/\/www.pareestacionamentos.com.br\/site\/wp-json\/wp\/v2\/pages\/2845\/revisions\/2990"}],"wp:attachment":[{"href":"https:\/\/www.pareestacionamentos.com.br\/site\/wp-json\/wp\/v2\/media?parent=2845"}],"curies":[{"name":"wp","href":"https:\/\/api.w.org\/{rel}","templated":true}]}}