{"id":53,"date":"2016-02-07T10:05:39","date_gmt":"2016-02-07T10:05:39","guid":{"rendered":"https:\/\/the7.io\/marketing-agency\/?page_id=53"},"modified":"2023-01-31T21:58:12","modified_gmt":"2023-02-01T00:58:12","slug":"contato","status":"publish","type":"page","link":"https:\/\/www.pareestacionamentos.com.br\/site\/contato\/","title":{"rendered":"Contato"},"content":{"rendered":"<p>[vc_row equal_height=&#8221;yes&#8221; content_placement=&#8221;top&#8221; type=&#8221;vc_default&#8221; margin_top=&#8221;5&#8243; margin_bottom=&#8221;10&#8243; css=&#8221;.vc_custom_1529513148816{padding-top: 70px !important;padding-bottom: 30px !important;}&#8221;][vc_column offset=&#8221;vc_col-lg-offset-2 vc_col-lg-8 vc_col-md-offset-1 vc_col-md-10&#8243;]<div id=\"ultimate-heading-26036a04ad5f462c6\" class=\"uvc-heading ult-adjust-bottom-margin ultimate-heading-26036a04ad5f462c6 uvc-2428 \" data-hspacer=\"line_only\"  data-halign=\"center\" style=\"text-align:center\"><div class=\"uvc-main-heading ult-responsive\"  data-ultimate-target='.uvc-heading.ultimate-heading-26036a04ad5f462c6 h2'  data-responsive-json-new='{\"font-size\":\"desktop:44px;tablet_portrait:30px;\",\"line-height\":\"desktop:54px;tablet_portrait:40px;\"}' ><h2 style=\"font-weight:bold;margin-bottom:10px;\">Entre em Contato!<\/h2><\/div><div class=\"uvc-heading-spacer line_only\" style=\"margin-bottom:40px;height:5px;\"><span class=\"uvc-headings-line\" style=\"border-style:solid;border-bottom-width:5px;border-color:#fed004;width:120px;\"><\/span><\/div><div class=\"uvc-sub-heading ult-responsive\"  data-ultimate-target='.uvc-heading.ultimate-heading-26036a04ad5f462c6 .uvc-sub-heading '  data-responsive-json-new='{\"font-size\":\"desktop:22px;mobile_landscape:16px;\",\"line-height\":\"desktop:32px;mobile_landscape:26px;\"}'  style=\"font-style:italic;font-weight:normal;color:#333333;margin-bottom:70px;\">Estamos muito interessados no que voc\u00ea tem a dizer. Por isso, criamos este espa\u00e7o especialmente para voc\u00ea fazer seus coment\u00e1rios, dar sugest\u00f5es e esclarecer d\u00favidas.<\/div><\/div>[\/vc_column][vc_column][vc_row_inner equal_height=&#8221;yes&#8221; content_placement=&#8221;top&#8221;][vc_column_inner width=&#8221;1\/2&#8243; css=&#8221;.vc_custom_1491746397816{padding-bottom: 50px !important;}&#8221;][vc_column_text css=&#8221;.vc_custom_1571251914065{padding-bottom: 10px !important;}&#8221;]<\/p>\n<p style=\"text-align: center;\"><span style=\"color: #333333;\"><strong>PARE ESTACIONAMENTO<\/strong><\/span><br \/>\n<strong>Mogi<\/strong> Rua Cel. Souza Franco, 154 Centro &#8211; SP\u00a0 \u00a0 \u00a0 \u00a0 \u00a0 \u00a0\u00a0<strong><br \/>\nSuzano<\/strong> Rua Campos Salles, 573 &#8211; Centro, Suzano &#8211; SP<br \/>\n<strong>S\u00e3o Paulo<\/strong> Rua Tamandar\u00e9, 945 &#8211; Liberdade, S\u00e3o Paulo &#8211; SP<\/p>\n<p>[\/vc_column_text][vc_column_text css=&#8221;.vc_custom_1571251833774{padding-bottom: 10px !important;}&#8221;]<\/p>\n<p style=\"text-align: center;\"><span style=\"color: #333333;\"><br \/>\n<strong>TELEFONE<br \/>\n<\/strong><\/span>Mogi:\u00a0 \u00a0 \u00a0 \u00a0 \u00a0 (11) 4726-9638<br \/>\nSuzano:\u00a0 \u00a0 \u00a0(11) 4742-5449<br \/>\nS\u00e3o Paulo: (11) 3791-5510<\/p>\n<p style=\"text-align: center;\"><span style=\"color: #333333;\"><strong>WHATSAPP<\/strong><\/span><br \/>\n(11) 0000-0000<\/p>\n<p>[\/vc_column_text][vc_column_text]<\/p>\n<p style=\"text-align: center;\"><span style=\"color: #333333;\"><strong>EMAIL<\/strong><\/span><br \/>\ncontato@pareestacionamentos.com.br<\/p>\n<p>[\/vc_column_text][\/vc_column_inner][vc_column_inner width=&#8221;1\/2&#8243; css=&#8221;.vc_custom_1491746388981{padding-bottom: 50px !important;}&#8221;]<form class=\"dt-contact-form dt-form\" action=\"\/\" method=\"post\">\n<input type=\"hidden\" name=\"widget_id\" value=\"presscore-contact-form-widget--1\" \/><input type=\"hidden\" name=\"send_message\" value=\"\" \/><div class=\"form-fields\"><span class=\"form-name\"><label class=\"assistive-text\">Nome *<\/label><input type=\"text\" class=\"validate[required]\" placeholder=\"Nome *\" name=\"name\" value=\"\" aria-required=\"true\">\n<\/span><span class=\"form-mail\"><label class=\"assistive-text\">E-mail *<\/label><input type=\"text\" class=\"validate[required,custom[email]]\" placeholder=\"E-mail *\" name=\"email\" value=\"\" aria-required=\"true\">\n<\/span><span class=\"form-telephone\"><label class=\"assistive-text\">Telefone<\/label><input type=\"text\" placeholder=\"Telefone\" name=\"telephone\" value=\"\" aria-required=\"false\">\n<\/span><\/div><span class=\"form-message\"><label class=\"assistive-text\">Mensagem *<\/label><textarea class=\"validate[required]\" placeholder=\"Mensagem *\" name=\"message\" rows=\"9\" aria-required=\"true\"><\/textarea>\n<\/span><p><a href=\"#\" class=\"dt-btn dt-btn-m dt-btn-submit\" rel=\"nofollow\"><span>Enviar Mensagem<\/span><\/a><input class=\"assistive-text\" type=\"submit\" value=\"enviar\"><\/p><\/form>\n[\/vc_column_inner][\/vc_row_inner][\/vc_column][\/vc_row]<\/p>\n","protected":false},"excerpt":{"rendered":"<p>[vc_row equal_height=&#8221;yes&#8221; content_placement=&#8221;top&#8221; type=&#8221;vc_default&#8221; margin_top=&#8221;5&#8243; margin_bottom=&#8221;10&#8243; css=&#8221;.vc_custom_1529513148816{padding-top: 70px !important;padding-bottom: 30px !important;}&#8221;][vc_column offset=&#8221;vc_col-lg-offset-2 vc_col-lg-8 vc_col-md-offset-1 vc_col-md-10&#8243;][\/vc_column][vc_column][vc_row_inner equal_height=&#8221;yes&#8221; content_placement=&#8221;top&#8221;][vc_column_inner width=&#8221;1\/2&#8243; css=&#8221;.vc_custom_1491746397816{padding-bottom: 50px !important;}&#8221;][vc_column_text css=&#8221;.vc_custom_1571251914065{padding-bottom: 10px !important;}&#8221;] PARE ESTACIONAMENTO Mogi Rua Cel. Souza Franco, 154 Centro &#8211; SP\u00a0 \u00a0 \u00a0 \u00a0 \u00a0 \u00a0\u00a0 Suzano Rua Campos Salles, 573 &#8211; Centro, Suzano &#8211; SP S\u00e3o Paulo Rua Tamandar\u00e9, 945&hellip;<\/p>\n","protected":false},"author":2,"featured_media":0,"parent":0,"menu_order":50,"comment_status":"closed","ping_status":"closed","template":"","meta":[],"yoast_head":"<!-- This site is optimized with the Yoast SEO plugin v20.0 - https:\/\/yoast.com\/wordpress\/plugins\/seo\/ -->\n<title>Contato Pare Estacionamentos em Mogi, Suzano e S\u00e3o Paulo!<\/title>\n<meta name=\"description\" content=\"Vagas de estacionamento qualquer empresa do ramo pode oferecer, mas a excel\u00eancia no atendimento \u00e9 um diferencial na opera\u00e7\u00e3o das unidades da Pare Estacionamentos\" \/>\n<meta name=\"robots\" content=\"index, follow, max-snippet:-1, max-image-preview:large, max-video-preview:-1\" \/>\n<link rel=\"canonical\" href=\"https:\/\/www.pareestacionamentos.com.br\/site\/contato\/\" \/>\n<meta property=\"og:locale\" content=\"pt_BR\" \/>\n<meta property=\"og:type\" content=\"article\" \/>\n<meta property=\"og:title\" content=\"Contato Pare Estacionamentos em Mogi, Suzano e S\u00e3o Paulo!\" \/>\n<meta property=\"og:description\" content=\"Vagas de estacionamento qualquer empresa do ramo pode oferecer, mas a excel\u00eancia no atendimento \u00e9 um diferencial na opera\u00e7\u00e3o das unidades da Pare Estacionamentos\" \/>\n<meta property=\"og:url\" content=\"https:\/\/www.pareestacionamentos.com.br\/site\/contato\/\" \/>\n<meta property=\"og:site_name\" content=\"PARE ESTACIONAMENTOS\" \/>\n<meta property=\"article:publisher\" content=\"https:\/\/www.facebook.com\/Bertisoldas\/\" \/>\n<meta property=\"article:modified_time\" content=\"2023-02-01T00:58:12+00:00\" \/>\n<meta name=\"twitter:card\" content=\"summary_large_image\" \/>\n<meta name=\"twitter:label1\" content=\"Est. tempo de leitura\" \/>\n\t<meta name=\"twitter:data1\" content=\"1 minuto\" \/>\n<script type=\"application\/ld+json\" class=\"yoast-schema-graph\">{\"@context\":\"https:\/\/schema.org\",\"@graph\":[{\"@type\":\"WebPage\",\"@id\":\"https:\/\/www.pareestacionamentos.com.br\/site\/contato\/\",\"url\":\"https:\/\/www.pareestacionamentos.com.br\/site\/contato\/\",\"name\":\"Contato Pare Estacionamentos em Mogi, Suzano e S\u00e3o Paulo!\",\"isPartOf\":{\"@id\":\"https:\/\/www.pareestacionamentos.com.br\/site\/#website\"},\"datePublished\":\"2016-02-07T10:05:39+00:00\",\"dateModified\":\"2023-02-01T00:58:12+00:00\",\"description\":\"Vagas de estacionamento qualquer empresa do ramo pode oferecer, mas a excel\u00eancia no atendimento \u00e9 um diferencial na opera\u00e7\u00e3o das unidades da Pare Estacionamentos\",\"breadcrumb\":{\"@id\":\"https:\/\/www.pareestacionamentos.com.br\/site\/contato\/#breadcrumb\"},\"inLanguage\":\"pt-BR\",\"potentialAction\":[{\"@type\":\"ReadAction\",\"target\":[\"https:\/\/www.pareestacionamentos.com.br\/site\/contato\/\"]}]},{\"@type\":\"BreadcrumbList\",\"@id\":\"https:\/\/www.pareestacionamentos.com.br\/site\/contato\/#breadcrumb\",\"itemListElement\":[{\"@type\":\"ListItem\",\"position\":1,\"name\":\"Home\",\"item\":\"https:\/\/www.pareestacionamentos.com.br\/site\/\"},{\"@type\":\"ListItem\",\"position\":2,\"name\":\"Contato\"}]},{\"@type\":\"WebSite\",\"@id\":\"https:\/\/www.pareestacionamentos.com.br\/site\/#website\",\"url\":\"https:\/\/www.pareestacionamentos.com.br\/site\/\",\"name\":\"BERTISOLDAS - Oxig\u00eanio o g\u00e1s da vida\",\"description\":\"SEU CARRO EM BOAS M\u00c3OS\",\"potentialAction\":[{\"@type\":\"SearchAction\",\"target\":{\"@type\":\"EntryPoint\",\"urlTemplate\":\"https:\/\/www.pareestacionamentos.com.br\/site\/?s={search_term_string}\"},\"query-input\":\"required name=search_term_string\"}],\"inLanguage\":\"pt-BR\"}]}<\/script>\n<!-- \/ Yoast SEO plugin. -->","yoast_head_json":{"title":"Contato Pare Estacionamentos em Mogi, Suzano e S\u00e3o Paulo!","description":"Vagas de estacionamento qualquer empresa do ramo pode oferecer, mas a excel\u00eancia no atendimento \u00e9 um diferencial na opera\u00e7\u00e3o das unidades da Pare Estacionamentos","robots":{"index":"index","follow":"follow","max-snippet":"max-snippet:-1","max-image-preview":"max-image-preview:large","max-video-preview":"max-video-preview:-1"},"canonical":"https:\/\/www.pareestacionamentos.com.br\/site\/contato\/","og_locale":"pt_BR","og_type":"article","og_title":"Contato Pare Estacionamentos em Mogi, Suzano e S\u00e3o Paulo!","og_description":"Vagas de estacionamento qualquer empresa do ramo pode oferecer, mas a excel\u00eancia no atendimento \u00e9 um diferencial na opera\u00e7\u00e3o das unidades da Pare Estacionamentos","og_url":"https:\/\/www.pareestacionamentos.com.br\/site\/contato\/","og_site_name":"PARE ESTACIONAMENTOS","article_publisher":"https:\/\/www.facebook.com\/Bertisoldas\/","article_modified_time":"2023-02-01T00:58:12+00:00","twitter_card":"summary_large_image","twitter_misc":{"Est. tempo de leitura":"1 minuto"},"schema":{"@context":"https:\/\/schema.org","@graph":[{"@type":"WebPage","@id":"https:\/\/www.pareestacionamentos.com.br\/site\/contato\/","url":"https:\/\/www.pareestacionamentos.com.br\/site\/contato\/","name":"Contato Pare Estacionamentos em Mogi, Suzano e S\u00e3o Paulo!","isPartOf":{"@id":"https:\/\/www.pareestacionamentos.com.br\/site\/#website"},"datePublished":"2016-02-07T10:05:39+00:00","dateModified":"2023-02-01T00:58:12+00:00","description":"Vagas de estacionamento qualquer empresa do ramo pode oferecer, mas a excel\u00eancia no atendimento \u00e9 um diferencial na opera\u00e7\u00e3o das unidades da Pare Estacionamentos","breadcrumb":{"@id":"https:\/\/www.pareestacionamentos.com.br\/site\/contato\/#breadcrumb"},"inLanguage":"pt-BR","potentialAction":[{"@type":"ReadAction","target":["https:\/\/www.pareestacionamentos.com.br\/site\/contato\/"]}]},{"@type":"BreadcrumbList","@id":"https:\/\/www.pareestacionamentos.com.br\/site\/contato\/#breadcrumb","itemListElement":[{"@type":"ListItem","position":1,"name":"Home","item":"https:\/\/www.pareestacionamentos.com.br\/site\/"},{"@type":"ListItem","position":2,"name":"Contato"}]},{"@type":"WebSite","@id":"https:\/\/www.pareestacionamentos.com.br\/site\/#website","url":"https:\/\/www.pareestacionamentos.com.br\/site\/","name":"BERTISOLDAS - Oxig\u00eanio o g\u00e1s da vida","description":"SEU CARRO EM BOAS M\u00c3OS","potentialAction":[{"@type":"SearchAction","target":{"@type":"EntryPoint","urlTemplate":"https:\/\/www.pareestacionamentos.com.br\/site\/?s={search_term_string}"},"query-input":"required name=search_term_string"}],"inLanguage":"pt-BR"}]}},"_links":{"self":[{"href":"https:\/\/www.pareestacionamentos.com.br\/site\/wp-json\/wp\/v2\/pages\/53"}],"collection":[{"href":"https:\/\/www.pareestacionamentos.com.br\/site\/wp-json\/wp\/v2\/pages"}],"about":[{"href":"https:\/\/www.pareestacionamentos.com.br\/site\/wp-json\/wp\/v2\/types\/page"}],"author":[{"embeddable":true,"href":"https:\/\/www.pareestacionamentos.com.br\/site\/wp-json\/wp\/v2\/users\/2"}],"replies":[{"embeddable":true,"href":"https:\/\/www.pareestacionamentos.com.br\/site\/wp-json\/wp\/v2\/comments?post=53"}],"version-history":[{"count":17,"href":"https:\/\/www.pareestacionamentos.com.br\/site\/wp-json\/wp\/v2\/pages\/53\/revisions"}],"predecessor-version":[{"id":2278,"href":"https:\/\/www.pareestacionamentos.com.br\/site\/wp-json\/wp\/v2\/pages\/53\/revisions\/2278"}],"wp:attachment":[{"href":"https:\/\/www.pareestacionamentos.com.br\/site\/wp-json\/wp\/v2\/media?parent=53"}],"curies":[{"name":"wp","href":"https:\/\/api.w.org\/{rel}","templated":true}]}}